{"id":31,"date":"2022-10-08T12:23:58","date_gmt":"2022-10-08T10:23:58","guid":{"rendered":"https:\/\/www.reifen-keller.com\/?page_id=31"},"modified":"2022-10-29T11:36:53","modified_gmt":"2022-10-29T09:36:53","slug":"unser-service","status":"publish","type":"page","link":"https:\/\/www.reifen-keller.com\/?page_id=31","title":{"rendered":"Unser Kundenservice"},"content":{"rendered":"\n<div class=\"wp-block-columns is-layout-flex wp-container-core-columns-is-layout-9d6595d7 wp-block-columns-is-layout-flex\">\n<div class=\"wp-block-column is-layout-flow wp-block-column-is-layout-flow\" style=\"flex-basis:66.66%\">\n<p>F\u00fcr eine ausf\u00fchrliche Beratung unserer Kunden nehmen wir uns immer Zeit und finden auch bei Problemen die ideale L\u00f6sung.<\/p>\n\n\n\n<p>Unsere technische Ausstattung halten wir immer auf dem neuesten Stand. Das Montieren und Wuchten der Reifen erfolgt auf modernsten Maschinen ohne metallische Ber\u00fchrung der Felge.<\/p>\n<\/div>\n\n\n\n<div class=\"wp-block-column is-layout-flow wp-block-column-is-layout-flow\" style=\"flex-basis:33.33%\">\n<figure class=\"wp-block-image size-full\"><img loading=\"lazy\" decoding=\"async\" width=\"283\" height=\"171\" src=\"https:\/\/www.reifen-keller.com\/wp-content\/uploads\/2022\/10\/Kalender.jpg\" alt=\"\" class=\"wp-image-102\"\/><\/figure>\n<\/div>\n<\/div>\n\n\n\n<figure class=\"wp-block-gallery has-nested-images columns-default is-cropped wp-block-gallery-1 is-layout-flex wp-block-gallery-is-layout-flex\">\n<figure class=\"wp-block-image size-large\"><img loading=\"lazy\" decoding=\"async\" width=\"340\" height=\"255\" data-id=\"106\" src=\"https:\/\/www.reifen-keller.com\/wp-content\/uploads\/2022\/10\/Nachwuchs.jpg\" alt=\"\" class=\"wp-image-106\" srcset=\"https:\/\/www.reifen-keller.com\/wp-content\/uploads\/2022\/10\/Nachwuchs.jpg 340w, https:\/\/www.reifen-keller.com\/wp-content\/uploads\/2022\/10\/Nachwuchs-300x225.jpg 300w\" sizes=\"auto, (max-width: 340px) 100vw, 340px\" \/><\/figure>\n\n\n\n<figure class=\"wp-block-image size-large\"><img loading=\"lazy\" decoding=\"async\" width=\"340\" height=\"255\" data-id=\"107\" src=\"https:\/\/www.reifen-keller.com\/wp-content\/uploads\/2022\/10\/TUEV1.jpg\" alt=\"\" class=\"wp-image-107\" srcset=\"https:\/\/www.reifen-keller.com\/wp-content\/uploads\/2022\/10\/TUEV1.jpg 340w, https:\/\/www.reifen-keller.com\/wp-content\/uploads\/2022\/10\/TUEV1-300x225.jpg 300w\" sizes=\"auto, (max-width: 340px) 100vw, 340px\" \/><\/figure>\n<\/figure>\n\n\n\n<p><\/p>\n","protected":false},"excerpt":{"rendered":"<p>F\u00fcr eine ausf\u00fchrliche Beratung unserer Kunden nehmen wir uns immer Zeit und finden auch bei Problemen die ideale L\u00f6sung. Unsere technische Ausstattung halten wir immer auf dem neuesten Stand. Das Montieren und Wuchten der Reifen[&#8230;]<\/p>\n","protected":false},"author":1,"featured_media":0,"parent":0,"menu_order":0,"comment_status":"closed","ping_status":"closed","template":"","meta":{"footnotes":""},"class_list":["post-31","page","type-page","status-publish","hentry"],"_links":{"self":[{"href":"https:\/\/www.reifen-keller.com\/index.php?rest_route=\/wp\/v2\/pages\/31","targetHints":{"allow":["GET"]}}],"collection":[{"href":"https:\/\/www.reifen-keller.com\/index.php?rest_route=\/wp\/v2\/pages"}],"about":[{"href":"https:\/\/www.reifen-keller.com\/index.php?rest_route=\/wp\/v2\/types\/page"}],"author":[{"embeddable":true,"href":"https:\/\/www.reifen-keller.com\/index.php?rest_route=\/wp\/v2\/users\/1"}],"replies":[{"embeddable":true,"href":"https:\/\/www.reifen-keller.com\/index.php?rest_route=%2Fwp%2Fv2%2Fcomments&post=31"}],"version-history":[{"count":6,"href":"https:\/\/www.reifen-keller.com\/index.php?rest_route=\/wp\/v2\/pages\/31\/revisions"}],"predecessor-version":[{"id":108,"href":"https:\/\/www.reifen-keller.com\/index.php?rest_route=\/wp\/v2\/pages\/31\/revisions\/108"}],"wp:attachment":[{"href":"https:\/\/www.reifen-keller.com\/index.php?rest_route=%2Fwp%2Fv2%2Fmedia&parent=31"}],"curies":[{"name":"wp","href":"https:\/\/api.w.org\/{rel}","templated":true}]}}