{"id":34,"date":"2022-10-08T12:25:51","date_gmt":"2022-10-08T10:25:51","guid":{"rendered":"https:\/\/www.reifen-keller.com\/?page_id=34"},"modified":"2022-10-29T11:30:07","modified_gmt":"2022-10-29T09:30:07","slug":"ueber-uns","status":"publish","type":"page","link":"https:\/\/www.reifen-keller.com\/?page_id=34","title":{"rendered":"\u00dcber Uns"},"content":{"rendered":"\n<p>Reifen Keller &#8211; mehr als 20 Jahre Erfahrung!<\/p>\n\n\n\n<figure class=\"wp-block-gallery has-nested-images columns-default is-cropped wp-block-gallery-1 is-layout-flex wp-block-gallery-is-layout-flex\">\n<figure class=\"wp-block-image size-large\"><img loading=\"lazy\" decoding=\"async\" width=\"340\" height=\"255\" data-id=\"94\" src=\"https:\/\/www.reifen-keller.com\/wp-content\/uploads\/2022\/10\/Schild1.jpg\" alt=\"\" class=\"wp-image-94\" srcset=\"https:\/\/www.reifen-keller.com\/wp-content\/uploads\/2022\/10\/Schild1.jpg 340w, https:\/\/www.reifen-keller.com\/wp-content\/uploads\/2022\/10\/Schild1-300x225.jpg 300w\" sizes=\"auto, (max-width: 340px) 100vw, 340px\" \/><\/figure>\n\n\n\n<figure class=\"wp-block-image size-large\"><img loading=\"lazy\" decoding=\"async\" width=\"340\" height=\"324\" data-id=\"96\" src=\"https:\/\/www.reifen-keller.com\/wp-content\/uploads\/2022\/10\/Wolfi2.jpg\" alt=\"\" class=\"wp-image-96\" srcset=\"https:\/\/www.reifen-keller.com\/wp-content\/uploads\/2022\/10\/Wolfi2.jpg 340w, https:\/\/www.reifen-keller.com\/wp-content\/uploads\/2022\/10\/Wolfi2-300x286.jpg 300w\" sizes=\"auto, (max-width: 340px) 100vw, 340px\" \/><\/figure>\n<\/figure>\n\n\n\n<p>Gegr\u00fcndet wurde die Firma Reifen Keller, vom Inhaber und Chef Wolfgang Keller, im Jahr 2000.<\/p>\n\n\n\n<p>Seit \u00fcber 22 Jahren bieten wir Top Service zu Top Preisen. Aus diesem Grund d\u00fcrfen wir inzwischen mehr als 1500 zufriedene Stammkunden z\u00e4hlen.<\/p>\n\n\n\n<p>Das Familienunternehmen setzt auf traditionelle Werte und Kundensvervice und hat f\u00fcr individuelle W\u00fcnsche immer ein offenes Ohr.<\/p>\n\n\n\n<p>Wolfgang Keller, Chef und Inhaber<br>der Firma Reifen Keller Tobias Keller, der Juniorchef<br>tritt in die Fu\u00dfstapfen seines Vaters.<\/p>\n","protected":false},"excerpt":{"rendered":"<p>Reifen Keller &#8211; mehr als 20 Jahre Erfahrung! Gegr\u00fcndet wurde die Firma Reifen Keller, vom Inhaber und Chef Wolfgang Keller, im Jahr 2000. Seit \u00fcber 22 Jahren bieten wir Top Service zu Top Preisen. Aus[&#8230;]<\/p>\n","protected":false},"author":1,"featured_media":0,"parent":0,"menu_order":0,"comment_status":"closed","ping_status":"closed","template":"","meta":{"footnotes":""},"class_list":["post-34","page","type-page","status-publish","hentry"],"_links":{"self":[{"href":"https:\/\/www.reifen-keller.com\/index.php?rest_route=\/wp\/v2\/pages\/34","targetHints":{"allow":["GET"]}}],"collection":[{"href":"https:\/\/www.reifen-keller.com\/index.php?rest_route=\/wp\/v2\/pages"}],"about":[{"href":"https:\/\/www.reifen-keller.com\/index.php?rest_route=\/wp\/v2\/types\/page"}],"author":[{"embeddable":true,"href":"https:\/\/www.reifen-keller.com\/index.php?rest_route=\/wp\/v2\/users\/1"}],"replies":[{"embeddable":true,"href":"https:\/\/www.reifen-keller.com\/index.php?rest_route=%2Fwp%2Fv2%2Fcomments&post=34"}],"version-history":[{"count":4,"href":"https:\/\/www.reifen-keller.com\/index.php?rest_route=\/wp\/v2\/pages\/34\/revisions"}],"predecessor-version":[{"id":97,"href":"https:\/\/www.reifen-keller.com\/index.php?rest_route=\/wp\/v2\/pages\/34\/revisions\/97"}],"wp:attachment":[{"href":"https:\/\/www.reifen-keller.com\/index.php?rest_route=%2Fwp%2Fv2%2Fmedia&parent=34"}],"curies":[{"name":"wp","href":"https:\/\/api.w.org\/{rel}","templated":true}]}}